{"id":102,"date":"2013-08-29T21:07:29","date_gmt":"2013-08-29T21:07:29","guid":{"rendered":"http:\/\/sindser.org.br\/s\/?page_id=102"},"modified":"2017-09-11T19:49:01","modified_gmt":"2017-09-11T19:49:01","slug":"filiacao","status":"publish","type":"page","link":"https:\/\/www.sindser.org.br\/s\/filiacao\/","title":{"rendered":"Filia\u00e7\u00e3o"},"content":{"rendered":"<p><strong>FORTALECER O SINDICATO UMA ATITUDE JUSTA E CORRETA<\/strong><\/p>\n<p style=\"text-align: justify;\">As organiza\u00e7\u00f5es sindicais s\u00e3o instrumentos de luta dos trabalhadores pelos seus direitos.<\/p>\n<p style=\"text-align: justify;\">O principal papel de um sindicato combativo \u00e9 organizar os trabalhadores em suas lutas por melhores sal\u00e1rios e melhores condi\u00e7\u00f5es de trabalho, j\u00e1 que, sozinho, n\u00e3o se consegue nada. \u00c9 a\u00ed que entra o sindicato, mobilizando os funcion\u00e1rios, organizando-os e, assim, contribuindo para sua luta. Que pode ser dar atrav\u00e9s de negocia\u00e7\u00f5es, paralisa\u00e7\u00f5es, passeatas, manifesta\u00e7\u00f5es, press\u00e3o a parlamentares etc.<\/p>\n<p style=\"text-align: justify;\">Um Sindicato tem que ser forte e representativo e, para tanto, necessita contar com uma base atuante e participativa que atenda quando chamada para a mobiliza\u00e7\u00e3o.<\/p>\n<p style=\"text-align: justify;\">Um sindicato tem que ser independente, n\u00e3o ter nenhum tipo de liga\u00e7\u00e3o com governos ou patr\u00f5es.<br \/>\nPor isso tem que ser sustentado financeiramente por seus associados.<\/p>\n<p style=\"text-align: justify;\">Vamos fazer do SINDSER um sindicato cada vez mais forte e representativo!<\/p>\n<p style=\"text-align: justify;\"><em><strong>Venha fazer parte do SINDSER!<\/strong><\/em><br \/>\n<em><strong> Sua presen\u00e7a \u00e9 importante.<\/strong><\/em><\/p>\n<p>&nbsp;<\/p>\n<p><span style=\"font-size: 13px;\">SDS &#8211; Ed. Miguel Badya, 2\u00ba andar, salas 201 a 210<\/span><\/p>\n<p>CEP 70.394-901 &#8211;&nbsp;Bras\u00edlia\/DF<\/p>\n<p>Fone: (61) 3325-6801 &#8211; Fax: (61) 3322-4534<\/p>\n","protected":false},"excerpt":{"rendered":"<p>FORTALECER O SINDICATO UMA ATITUDE JUSTA E CORRETA As organiza\u00e7\u00f5es sindicais s\u00e3o instrumentos de luta dos trabalhadores pelos seus direitos. O principal papel de um sindicato combativo \u00e9 organizar os trabalhadores em suas lutas por melhores sal\u00e1rios e melhores condi\u00e7\u00f5es de trabalho, j\u00e1 que, sozinho, n\u00e3o se consegue nada. \u00c9 a\u00ed que entra o sindicato,<\/p>\n","protected":false},"author":1,"featured_media":0,"parent":0,"menu_order":0,"comment_status":"open","ping_status":"open","template":"","meta":{"footnotes":""},"class_list":["post-102","page","type-page","status-publish"],"_links":{"self":[{"href":"https:\/\/www.sindser.org.br\/s\/wp-json\/wp\/v2\/pages\/102","targetHints":{"allow":["GET"]}}],"collection":[{"href":"https:\/\/www.sindser.org.br\/s\/wp-json\/wp\/v2\/pages"}],"about":[{"href":"https:\/\/www.sindser.org.br\/s\/wp-json\/wp\/v2\/types\/page"}],"author":[{"embeddable":true,"href":"https:\/\/www.sindser.org.br\/s\/wp-json\/wp\/v2\/users\/1"}],"replies":[{"embeddable":true,"href":"https:\/\/www.sindser.org.br\/s\/wp-json\/wp\/v2\/comments?post=102"}],"version-history":[{"count":10,"href":"https:\/\/www.sindser.org.br\/s\/wp-json\/wp\/v2\/pages\/102\/revisions"}],"predecessor-version":[{"id":9390,"href":"https:\/\/www.sindser.org.br\/s\/wp-json\/wp\/v2\/pages\/102\/revisions\/9390"}],"wp:attachment":[{"href":"https:\/\/www.sindser.org.br\/s\/wp-json\/wp\/v2\/media?parent=102"}],"curies":[{"name":"wp","href":"https:\/\/api.w.org\/{rel}","templated":true}]}}