{"id":13,"date":"2013-08-19T18:55:54","date_gmt":"2013-08-19T18:55:54","guid":{"rendered":"http:\/\/sindser.org.br\/s\/?page_id=13"},"modified":"2013-09-02T18:43:06","modified_gmt":"2013-09-02T18:43:06","slug":"nossa-historia","status":"publish","type":"page","link":"https:\/\/www.sindser.org.br\/s\/nossa-historia\/","title":{"rendered":"Nossa Hist\u00f3ria"},"content":{"rendered":"<p><a href=\"http:\/\/sindser.org.br\/s\/wp-content\/uploads\/2013\/08\/1236876_502703329815547_1454764313_n.jpg\"><img decoding=\"async\" class=\"alignnone  wp-image-462\" alt=\"1236876_502703329815547_1454764313_n\" src=\"http:\/\/sindser.org.br\/s\/wp-content\/uploads\/2013\/08\/1236876_502703329815547_1454764313_n.jpg\" width=\"620\" srcset=\"https:\/\/www.sindser.org.br\/wp-content\/uploads\/2013\/08\/1236876_502703329815547_1454764313_n.jpg 851w, https:\/\/www.sindser.org.br\/wp-content\/uploads\/2013\/08\/1236876_502703329815547_1454764313_n-600x222.jpg 600w\" sizes=\"(max-width: 851px) 100vw, 851px\" \/><\/a><\/p>\n<p>A hist\u00f3ria de combatividade do SINDSER come\u00e7ou a ser constru\u00edda quando os trabalhadores do Governo do Distrito Federal (GDF) resolveram dar um basta na explora\u00e7\u00e3o, nas p\u00e9ssimas condi\u00e7\u00f5es de trabalho e nos sal\u00e1rios miser\u00e1veis que recebiam. Criado nos anos 80 para ser um instrumento de organiza\u00e7\u00e3o e de mobiliza\u00e7\u00e3o da classe trabalhadora na luta por seus direitos, desde sua funda\u00e7\u00e3o o SINDSER vem praticando um sindicalismo classista, apostando na luta direta dos trabalhadores, na independ\u00eancia do movimento sindical e n\u00e3o aceitando nenhum tipo de concilia\u00e7\u00e3o ou negociata.<\/p>\n<p>A participa\u00e7\u00e3o direta que legitima a atua\u00e7\u00e3o do Sindicato vem desde os primeiros tempos. Em maio de 1988, na sede da OAB, aconteceu o 1\u00ba Congresso dos Trabalhadores do GDF. Como n\u00e3o poderia deixar de ser , tanto a comiss\u00e3o organizadora do evento quanto os demais credenciados eram compostos por representantes escolhidos entre os funcion\u00e1rios de cada uma das empresas e \u00f3rg\u00e3os da administra\u00e7\u00e3o direta e indireta do Distrito Federal, eleitos em assembl\u00e9ias que precederam o congresso. O resultado, ent\u00e3o, n\u00e3o poderia ser diferente: por decis\u00e3o un\u00e2nime, ficou decidida a cria\u00e7\u00e3o do SINDSER.<\/p>\n<p>Em 26 de Setembro do mesmo ano, na sede do Sindicato dos Professores, aconteceu a assembl\u00e9ia de funda\u00e7\u00e3o do Sindicato dos Servidores e Empregados da Administra\u00e7\u00e3o Direta, Fundacional, das Autarquias, Empresas P\u00fablicase Sociedades de Economia Mista do Distrito Federal SINDSER. Os presentes \u00e0quela assembl\u00e9ia ratificaram todas as decis\u00f5es tiradas do 1\u00ba Congresso. Poucos dias ap\u00f3s sua funda\u00e7\u00e3o, o SINDSER j\u00e1 dirigia a greve da SAB. Ainda no mesmo ano, uma prova de f\u00f4lego e uma amostra do que viria a seguir: organizar duas greves de funcion\u00e1rios da NOVACAP ao mesmo tempo em que se estruturava internamente.<\/p>\n<p>Foi durante essa mobiliza\u00e7\u00e3o que os diretores ouviram do ent\u00e3o governador do DF, Joaquim Roriz, a promessa de \u201cdestruir o sindicato e todos os seus dirigentes\u201d, o que s\u00f3 n\u00e3o aconteceu devido \u00e0 posi\u00e7\u00e3o firme dos trabalhadores, que mantiveram a paralisa\u00e7\u00e3o por mais duas semanas antes de voltarem ao trabalho com promessas de negocia\u00e7\u00e3o. O que n\u00e3o impediu que, em outubro de 1989, j\u00e1 com a implanta\u00e7\u00e3o do Plano de Cargos e Sal\u00e1rios garantida, os trabalhadores voltassem a cruzar os bra\u00e7os.<\/p>\n<p>O SINDSER sabe que o m\u00e9rito por todos os avan\u00e7os cabe \u00e0 participa\u00e7\u00e3o e combatividade dos trabalhadores, pois foram conquistados \u00e0 custa de greves e enfrentamentos hist\u00f3ricos que custaram \u00e0 vida de alguns companheiros e deixaram cicatrizes em outros. Para que os servidores da Administra\u00e7\u00e3o Direta obtivessem o realinhamento da tabela salarial e t\u00edquetes alimenta\u00e7\u00e3o foi preciso organizar uma greve unificada que paralisou todas as secretarias e \u00f3rg\u00e3os do GDF por 17 dias. Houve a hist\u00f3rica paralisa\u00e7\u00e3o do SLU, na qual os trabalhadores conquistaram gratifica\u00e7\u00e3o de 55%, incorpora\u00e7\u00e3o das horas extras aos sal\u00e1rios, t\u00edquetes alimenta\u00e7\u00e3o e, principalmente, a extin\u00e7\u00e3o do transporte de funcion\u00e1rios em caminh\u00f5es-gaiola. Trinta e sete dias em que os funcion\u00e1rios do IML paralisaram suas atividades. DER, Detran, Terracap, Codeplan, Ceasa, Jardim Zool\u00f3gico de Bras\u00edlia, Funda\u00e7\u00e3o Zoobot\u00e2nica, Procuradoria Geral do DF, Departamento de Transportes (DT), Instituto de Sa\u00fade e todos os \u00f3rg\u00e3os da Administra\u00e7\u00e3o Direta, empresas p\u00fablicas e autarquias representadas pelo sindicato. Ao longo de sua hist\u00f3ria, o Sindser esteve ao lado dos trabalhadores, na defesa dos seus interesses.<\/p>\n<p>Mas sua diretoria n\u00e3o se vangloria em ser a dona dessa luta. Por isso, desde 1999, vem apostando na organiza\u00e7\u00e3o de nossas bases sindicais, estimulando a forma\u00e7\u00e3o de Delegacias Sindicais.<\/p>\n<p>A diretoria do SINDSER acredita que para avan\u00e7ar, a classe trabalhadora n\u00e3o pode depositar suas esperan\u00e7as em l\u00edderes infal\u00edveis sem os quais a luta de toda uma categoria morreria. Acredita sim que \u00e9 obriga\u00e7\u00e3o do sindicato criar mecanismos para que o companheiro da base possa compreender a import\u00e2ncia de sua participa\u00e7\u00e3o. Da\u00ed a aposta na forma\u00e7\u00e3o pol\u00edtica e sindical de sua base. Para isso vem desenvolvendo cursos de forma\u00e7\u00e3o, palestras e semin\u00e1rios.<\/p>\n<p>Desta forma, estamos investindo na cria\u00e7\u00e3o de centenas de novas lideran\u00e7as que ir\u00e3o atuar na organiza\u00e7\u00e3o e dire\u00e7\u00e3o das lutas dos trabalhadores. Por isso o Sindser \u00e9 respeitado por todo o movimento sindical no Distrito Federal e no Brasil, por escrever sua historia em meio a lutas gerais e espec\u00edficas dos trabalhadores, se impondo como um sindicato que n\u00e3o teme o enfretamento com os governos, quaisquer que sejam eles.<\/p>\n","protected":false},"excerpt":{"rendered":"<p>A hist\u00f3ria de combatividade do SINDSER come\u00e7ou a ser constru\u00edda quando os trabalhadores do Governo do Distrito Federal (GDF) resolveram dar um basta na explora\u00e7\u00e3o, nas p\u00e9ssimas condi\u00e7\u00f5es de trabalho e nos sal\u00e1rios miser\u00e1veis que recebiam. Criado nos anos 80 para ser um instrumento de organiza\u00e7\u00e3o e de mobiliza\u00e7\u00e3o da classe trabalhadora na luta por<\/p>\n","protected":false},"author":1,"featured_media":0,"parent":0,"menu_order":0,"comment_status":"open","ping_status":"open","template":"","meta":{"footnotes":""},"class_list":["post-13","page","type-page","status-publish"],"_links":{"self":[{"href":"https:\/\/www.sindser.org.br\/s\/wp-json\/wp\/v2\/pages\/13","targetHints":{"allow":["GET"]}}],"collection":[{"href":"https:\/\/www.sindser.org.br\/s\/wp-json\/wp\/v2\/pages"}],"about":[{"href":"https:\/\/www.sindser.org.br\/s\/wp-json\/wp\/v2\/types\/page"}],"author":[{"embeddable":true,"href":"https:\/\/www.sindser.org.br\/s\/wp-json\/wp\/v2\/users\/1"}],"replies":[{"embeddable":true,"href":"https:\/\/www.sindser.org.br\/s\/wp-json\/wp\/v2\/comments?post=13"}],"version-history":[{"count":6,"href":"https:\/\/www.sindser.org.br\/s\/wp-json\/wp\/v2\/pages\/13\/revisions"}],"predecessor-version":[{"id":463,"href":"https:\/\/www.sindser.org.br\/s\/wp-json\/wp\/v2\/pages\/13\/revisions\/463"}],"wp:attachment":[{"href":"https:\/\/www.sindser.org.br\/s\/wp-json\/wp\/v2\/media?parent=13"}],"curies":[{"name":"wp","href":"https:\/\/api.w.org\/{rel}","templated":true}]}}