{"id":17,"date":"2013-08-19T18:57:35","date_gmt":"2013-08-19T18:57:35","guid":{"rendered":"http:\/\/sindser.org.br\/s\/?page_id=17"},"modified":"2024-04-08T16:33:27","modified_gmt":"2024-04-08T16:33:27","slug":"juridico","status":"publish","type":"page","link":"https:\/\/www.sindser.org.br\/s\/juridico\/","title":{"rendered":"Jur\u00eddico"},"content":{"rendered":"<p style=\"text-align: justify;\"><img decoding=\"async\" class=\"wp-image-9489 alignleft\" src=\"http:\/\/sindser.org.br\/s\/wp-content\/uploads\/2013\/08\/AAEAAQAAAAAAAAUbAAAAJDhiOTNmYjI1LTdiZTQtNGE4Yy1hZDVlLWFiYjU2ZDU2OWZkNg.png\" alt=\"\" width=\"250\" height=\"87\" srcset=\"https:\/\/www.sindser.org.br\/wp-content\/uploads\/2013\/08\/AAEAAQAAAAAAAAUbAAAAJDhiOTNmYjI1LTdiZTQtNGE4Yy1hZDVlLWFiYjU2ZDU2OWZkNg.png 646w, https:\/\/www.sindser.org.br\/wp-content\/uploads\/2013\/08\/AAEAAQAAAAAAAAUbAAAAJDhiOTNmYjI1LTdiZTQtNGE4Yy1hZDVlLWFiYjU2ZDU2OWZkNg-600x208.png 600w, https:\/\/www.sindser.org.br\/wp-content\/uploads\/2013\/08\/AAEAAQAAAAAAAAUbAAAAJDhiOTNmYjI1LTdiZTQtNGE4Yy1hZDVlLWFiYjU2ZDU2OWZkNg-160x55.png 160w\" sizes=\"(max-width: 250px) 100vw, 250px\" \/>A Secretaria de Assuntos Jur\u00eddicos e Trabalhistas \u00e9 uma importante unidade do SINDSER. Devido \u00e0s dificuldades da atual conjuntura pol\u00edtica e econ\u00f4mica, com o capitalismo avan\u00e7ado a passos largos, massacrando a classe trabalhadora e colocando o movimento sindical na defensiva, os trabalhadores enxergam na luta jur\u00eddica uma esperan\u00e7a de sa\u00edda par o arrocho salarial em que se encontram.<\/p>\n<p style=\"text-align: justify;\">H\u00e1 tamb\u00e9m uma s\u00e9rie de perdas salariais e inflacion\u00e1rias, resultado dos in\u00fameros planos econ\u00f4micos e direitos adquiridos arrancados dos trabalhadores.<\/p>\n<p style=\"text-align: justify;\">Na tentativa de corrigir as injusti\u00e7as, a Secretaria com apoio do escrit\u00f3rio Estillac &amp; Rocha, que presta assessoria jur\u00eddica ao SINDSER est\u00e1 sempre atenta para as demandas jur\u00eddicas trabalhistas poss\u00edveis de serem ajuizadas.<\/p>\n<p style=\"text-align: justify;\">Al\u00e9m de prestar um servi\u00e7o coletivo a toda a base do Sindicato, a Secretaria Jur\u00eddica do SINDSER tem disponibilizado para os associados um servi\u00e7o de atendimento onde os trabalhadores podem ser informados a respeito do andamento de seus processos e a\u00e7\u00f5es. E para atender \u00e0s demandas trabalhistas individuais, advogados d\u00e3o plant\u00e3o na pr\u00f3pria sede do SINDSER.<\/p>\n<p style=\"text-align: justify;\"><strong>Email: sindserjuridico@gmail.com<\/strong><\/p>\n<p><strong>Atendimento<\/strong>:<br \/>\n<strong>C\u00edvel e Fam\u00edlia:<\/strong><br \/>\nDra. Isabela Lobato<br \/>\nTer\u00e7a e quinta-feira, das 10h \u00e0s 12h<br \/>\nQuarta-feira, das 13h \u00e0s 16h<\/p>\n<p><strong>Trabalhista, Administrativo e Previdenci\u00e1rio<\/strong><br \/>\nDra. Deborah Aquino<br \/>\nSeg. \u00e0 Sex, das 10h \u00e0s 16h, por hor\u00e1rio marcado.<br \/>\nLigar para (61) 3225-7140<\/p>\n","protected":false},"excerpt":{"rendered":"<p>A Secretaria de Assuntos Jur\u00eddicos e Trabalhistas \u00e9 uma importante unidade do SINDSER. Devido \u00e0s dificuldades da atual conjuntura pol\u00edtica e econ\u00f4mica, com o capitalismo avan\u00e7ado a passos largos, massacrando a classe trabalhadora e colocando o movimento sindical na defensiva, os trabalhadores enxergam na luta jur\u00eddica uma esperan\u00e7a de sa\u00edda par o arrocho salarial em<\/p>\n","protected":false},"author":1,"featured_media":0,"parent":0,"menu_order":0,"comment_status":"open","ping_status":"open","template":"","meta":{"footnotes":""},"class_list":["post-17","page","type-page","status-publish"],"_links":{"self":[{"href":"https:\/\/www.sindser.org.br\/s\/wp-json\/wp\/v2\/pages\/17","targetHints":{"allow":["GET"]}}],"collection":[{"href":"https:\/\/www.sindser.org.br\/s\/wp-json\/wp\/v2\/pages"}],"about":[{"href":"https:\/\/www.sindser.org.br\/s\/wp-json\/wp\/v2\/types\/page"}],"author":[{"embeddable":true,"href":"https:\/\/www.sindser.org.br\/s\/wp-json\/wp\/v2\/users\/1"}],"replies":[{"embeddable":true,"href":"https:\/\/www.sindser.org.br\/s\/wp-json\/wp\/v2\/comments?post=17"}],"version-history":[{"count":21,"href":"https:\/\/www.sindser.org.br\/s\/wp-json\/wp\/v2\/pages\/17\/revisions"}],"predecessor-version":[{"id":25237,"href":"https:\/\/www.sindser.org.br\/s\/wp-json\/wp\/v2\/pages\/17\/revisions\/25237"}],"wp:attachment":[{"href":"https:\/\/www.sindser.org.br\/s\/wp-json\/wp\/v2\/media?parent=17"}],"curies":[{"name":"wp","href":"https:\/\/api.w.org\/{rel}","templated":true}]}}