{"id":1867,"date":"2013-09-18T17:22:20","date_gmt":"2013-09-18T17:22:20","guid":{"rendered":"http:\/\/sindser.org.br\/s\/?page_id=1867"},"modified":"2015-03-13T18:45:50","modified_gmt":"2015-03-13T18:45:50","slug":"categoria","status":"publish","type":"page","link":"https:\/\/www.sindser.org.br\/s\/categoria\/","title":{"rendered":"Categoria"},"content":{"rendered":"<fieldset>\n<h2>AUTARQUIAS<\/h2>\n<ol>\n<li><a href=\"http:\/\/www.der.df.gov.br\/\" target=\"_blank\">DER<\/a><\/li>\n<li><a href=\"http:\/\/www.slu.df.gov.br\/\" target=\"_blank\">SLU<\/a><\/li>\n<li><a href=\"http:\/\/www.detran.df.gov.br\/\" target=\"_blank\">DETRAN<\/a><\/li>\n<\/ol>\n<p>&nbsp;<\/fieldset>\n<fieldset>\n<h2>FUNDA\u00c7\u00d5ES<\/h2>\n<ol>\n<li><a href=\"http:\/\/www.fhb.df.gov.br\/\" target=\"_blank\">FUNDA\u00c7\u00c3O HEMOCENTRO DE BRAS\u00cdLIA<\/a><\/li>\n<li><a href=\"http:\/\/www.sindser.org.br\/site\/categoria.php#\">FUNDA\u00c7\u00c3O POLO ECOL\u00d3GICO<\/a><\/li>\n<li><a href=\"http:\/\/www.arpdf.df.gov.br\/\" target=\"_blank\">ARQUIVO P\u00daBLICO DO DISTRITO FEDERAL<\/a><\/li>\n<li><a href=\"http:\/\/www.seg.df.gov.br\/\" target=\"_blank\">GABINETE DO GOVERNADOR<\/a><\/li>\n<li><a href=\"#\">GABINETE DO VICE GOVERNADOR *<\/a><\/li>\n<li><a href=\"http:\/\/www.jardimbotanico.df.gov.br\/\" target=\"_blank\">JARDIM BOT\u00c2NICO DE BRAS\u00cdLIA<\/a><\/li>\n<li><a href=\"http:\/\/www.pmdf.df.gov.br\/\" target=\"_blank\">POL\u00cdCIA MILITAR DO DISTRITO FEDERAL<\/a><\/li>\n<li><a href=\"http:\/\/www.dmtu.df.gov.br\/\" target=\"_blank\">DEPARTAMENTO METROPOLITANO DE TRANSPORTES URBANOS<\/a><\/li>\n<li><a href=\"#\">LACEN\/ISDF *<\/a><\/li>\n<\/ol>\n<p>&nbsp;<\/fieldset>\n<fieldset>\n<h2>EMPRESAS<\/h2>\n<ol>\n<li><a href=\"http:\/\/www.ceasa-df.org.br\/\" target=\"_blank\">CEASA<\/a><\/li>\n<li><a href=\"http:\/\/www.codeplan.df.gov.br\/\" target=\"_blank\">CODEPLAN<\/a><\/li>\n<li><a href=\"http:\/\/www.novacap.df.gov.br\/\" target=\"_blank\">NOVACAP<\/a><\/li>\n<li><a href=\"http:\/\/www.terracap.df.gov.br\/default.asp\" target=\"_blank\">TERRACAP<\/a><\/li>\n<li><a href=\"#\">SAB *<\/a><\/li>\n<li><a href=\"http:\/\/www.tcb.df.gov.br\/\" target=\"_blank\">TCB<\/a><\/li>\n<\/ol>\n<p>&nbsp;<\/fieldset>\n<fieldset>\n<h2>SECRETARIAS<\/h2>\n<ol>\n<li><a href=\"http:\/\/www.sa.df.gov.br\/\" target=\"_blank\">SECRETARIA DE AGRICULTURA E ABASTECIMENTO<\/a><\/li>\n<li><a href=\"http:\/\/www.sucar.df.gov.br\/\" target=\"_blank\">SECRETARIA DE COORDENA\u00c7\u00c3O DAS ADMINISTRA\u00c7\u00d5ES REGIONAIS<\/a><\/li>\n<li><a href=\"http:\/\/www.sel.df.gov.br\/\" target=\"_blank\">SECRETARIA DE ESPORTES E LAZER<\/a><\/li>\n<li><a href=\"http:\/\/www.seas.df.gov.br\/\" target=\"_blank\">SECRETARIA DE ESTADO DE A\u00c7\u00c3O SOCIAL<\/a><\/li>\n<li><a href=\"http:\/\/www.scs.df.gov.br\/\" target=\"_blank\">SECRETARIA DE ESTADO DE COMUNICA\u00c7\u00c3O SOCIAL<\/a><\/li>\n<li><a href=\"http:\/\/www.sc.df.gov.br\/\" target=\"_blank\">SECRETARIA DE ESTADO DE CULTURA<\/a><\/li>\n<li><a href=\"http:\/\/www.saude.df.gov.br\/\" target=\"_blank\">SECRETARIA DE ESTADO DE SA\u00daDE<\/a><\/li>\n<li><a href=\"http:\/\/www.sefp.df.gov.br\/\" target=\"_blank\">SECRETARIA DE FAZENDA<\/a><\/li>\n<li><a href=\"http:\/\/www.so.df.gov.br\/\" target=\"_blank\">SECRETARIA DE INFRA ESTRUTURA E OBRAS<\/a><\/li>\n<li><a href=\"http:\/\/www.ssp.df.gov.br\/\" target=\"_blank\">SECRETARIA DE SEGURAN\u00c7A P\u00daBLICA<\/a><\/li>\n<li><a href=\"http:\/\/www.sdct.df.gov.br\/\" target=\"_blank\">SECRETARIA DE DESENVOLVIMENTO TECNOL\u00d3GICO<\/a><\/li>\n<li><a href=\"http:\/\/www.seduh.df.gov.br\/\" target=\"_blank\">SECRETARIA DE DESENVOLVIMENTO URBANO E HABITA\u00c7\u00c3O<\/a><\/li>\n<li><a href=\"http:\/\/www.seduh.df.gov.br\/\" target=\"_blank\">SECRETARIA DE TRABALHO E DIREITOS HUMANOS<\/a><\/li>\n<li><a href=\"http:\/\/www.setur.df.gov.br\/\" target=\"_blank\">SECRETARIA DE ESTADO DE TURISMO<\/a><\/li>\n<li><a href=\"http:\/\/www.semarh.df.gov.br\/\" target=\"_blank\">SECRETARIA DO MEIO AMBIENTE E RECURSOS H\u00cdDRICOS<\/a><\/li>\n<li><a href=\"http:\/\/www.sga.df.gov.br\/\" target=\"_blank\">SECRETARIA DE GEST\u00c3O ADMINISTRATIVA<\/a><\/li>\n<\/ol>\n<\/fieldset>\n","protected":false},"excerpt":{"rendered":"<p>AUTARQUIAS DER SLU DETRAN &nbsp; FUNDA\u00c7\u00d5ES FUNDA\u00c7\u00c3O HEMOCENTRO DE BRAS\u00cdLIA FUNDA\u00c7\u00c3O POLO ECOL\u00d3GICO ARQUIVO P\u00daBLICO DO DISTRITO FEDERAL GABINETE DO GOVERNADOR GABINETE DO VICE GOVERNADOR * JARDIM BOT\u00c2NICO DE BRAS\u00cdLIA POL\u00cdCIA MILITAR DO DISTRITO FEDERAL DEPARTAMENTO METROPOLITANO DE TRANSPORTES URBANOS LACEN\/ISDF * &nbsp; EMPRESAS CEASA CODEPLAN NOVACAP TERRACAP SAB * TCB &nbsp; SECRETARIAS SECRETARIA DE<\/p>\n","protected":false},"author":1,"featured_media":0,"parent":0,"menu_order":0,"comment_status":"open","ping_status":"open","template":"","meta":{"footnotes":""},"class_list":["post-1867","page","type-page","status-publish"],"_links":{"self":[{"href":"https:\/\/www.sindser.org.br\/s\/wp-json\/wp\/v2\/pages\/1867","targetHints":{"allow":["GET"]}}],"collection":[{"href":"https:\/\/www.sindser.org.br\/s\/wp-json\/wp\/v2\/pages"}],"about":[{"href":"https:\/\/www.sindser.org.br\/s\/wp-json\/wp\/v2\/types\/page"}],"author":[{"embeddable":true,"href":"https:\/\/www.sindser.org.br\/s\/wp-json\/wp\/v2\/users\/1"}],"replies":[{"embeddable":true,"href":"https:\/\/www.sindser.org.br\/s\/wp-json\/wp\/v2\/comments?post=1867"}],"version-history":[{"count":10,"href":"https:\/\/www.sindser.org.br\/s\/wp-json\/wp\/v2\/pages\/1867\/revisions"}],"predecessor-version":[{"id":4097,"href":"https:\/\/www.sindser.org.br\/s\/wp-json\/wp\/v2\/pages\/1867\/revisions\/4097"}],"wp:attachment":[{"href":"https:\/\/www.sindser.org.br\/s\/wp-json\/wp\/v2\/media?parent=1867"}],"curies":[{"name":"wp","href":"https:\/\/api.w.org\/{rel}","templated":true}]}}