{"id":1877,"date":"2013-09-18T17:27:38","date_gmt":"2013-09-18T17:27:38","guid":{"rendered":"http:\/\/sindser.org.br\/s\/?page_id=1877"},"modified":"2022-10-22T00:58:21","modified_gmt":"2022-10-22T00:58:21","slug":"delegado-sindical","status":"publish","type":"page","link":"https:\/\/www.sindser.org.br\/s\/delegado-sindical\/","title":{"rendered":"Delegado Sindical"},"content":{"rendered":"<p><img decoding=\"async\" class=\"wp-image-1883  alignleft\" style=\"margin-left: 0px; margin-right: 7px;\" src=\"https:\/\/www.sindser.org.br\/wp-content\/uploads\/2013\/09\/SindicatoForte.jpg\" alt=\"\" width=\"240\" height=\"208\" \/>Para que um sindicato seja realmente forte, atuante e independente, \u00e9 preciso contar com uma base organizada.<br \/>\nFoi pensando nisso que a diretoria do Sindser, j\u00e1 em 1997, se comprometeu com a elei\u00e7\u00e3o e a prepara\u00e7\u00e3o de delegados sindicais. Juntamente com a realiza\u00e7\u00e3o dos nossos Cursos de Forma\u00e7\u00e3o, iniciados em 1998, demos um importante passo para o fortalecimento do sindicato atrav\u00e9s da base, que \u00e9 quem d\u00e1 sustenta\u00e7\u00e3o a nossas lutas.<\/p>\n<p>Os delegados s\u00e3o o elo de liga\u00e7\u00e3o mais forte entre o local de trabalho e n\u00f3s, seus representantes. Colaboram para que as d\u00favidas, questionamentos e propostas apresentadas pelas diversas categorias cheguem de forma \u00e1gil \u00e0 diretoria do sindicato. Ao mesmo tempo, facilitam que as decis\u00f5es, discuss\u00f5es e encaminhamentos aprovados em assembleias, bem como as estrat\u00e9gias tra\u00e7adas pela diretoria do Sindser, cheguem mais rapidamente ao conhecimento de todo companheiro.<\/p>\n<p>Novas lideran\u00e7as sindicais n\u00e3o surgem da noite para o dia. Da\u00ed a import\u00e2ncia de investirmos na capacita\u00e7\u00e3o e renova\u00e7\u00e3o dos quadros do SINDSER: por acreditarmos na atua\u00e7\u00e3o dos delegados eleitos, oferecemos a eles a oportunidade de freq\u00fcentar nossos Cursos de Forma\u00e7\u00e3o, capacitando-os para melhor representarem nossa base.<\/p>\n<p>Eis o real significado de ser um delegado sindical: ajudar a organizar nossa luta cotidiana e contribuir para que o Sindser esteja presente no dia-a-dia de todos os trabalhadores representados.<\/p>\n<h1>Delegado Sindical ????? O que \u00e9 isso?<\/h1>\n<p>\u00c8 voc\u00ea, trabalhador sindicalizado que representa os companheiros de seu local de trabalho junto ao nosso SINDSER. \u00c9 o companheiro que traz as not\u00edcias do sindicato e leva os nossos problemas \u2013 dos pequenos aos grandes \u2013 e reivindica\u00e7\u00f5es para a diretoria. Que ajuda a organizar a nossa luta cotidiana e faz o nosso sindicato presente em todo lugar.<\/p>\n<h1>\u00c9 importante ter Delegados Sindicais?<\/h1>\n<p>Sim! Todos os grandes sindicatos do pa\u00eds e muitos pelo mundo afora s\u00e3o grandes justamente porque est\u00e3o organizados pela base. O sindicato n\u00e3o \u00e9 um monte de salas com seus diretores. O sindicato \u00e9 luta direta, no pr\u00f3prio local em que o trabalhador \u00e9 explorado. E o delegado est\u00e1 l\u00e1 todos os dias. O que torna a luta por nossos direitos e novas conquistas, coordenada pelo SINDSER, mais organizada e forte.<\/p>\n<h1>\u00c9 dif\u00edcil ser delegado sindical?<\/h1>\n<p>N\u00e3o. Mas \u00e9 muito s\u00e9rio. \u00c9 necess\u00e1rio disposi\u00e7\u00e3o para a luta. O delegado tem obriga\u00e7\u00f5es como: participar de todas as assembl\u00e9ias, ir a todas as plen\u00e1rias de delegados, distribuir e discutir todos os comunicados e jornais do sindicato, estar sempre atento para ouvir e levar ao sindicato as propostas e cr\u00edticas de seu local de trabalho. Enfim, estar sempre presente e batalhando no conjunto das campanhas da categoria.<\/p>\n<h1>Gostei da proposta. Como posso me tornar um delegado sindical?<\/h1>\n<p>Atrav\u00e9s de uma elei\u00e7\u00e3o direta em seu pr\u00f3prio local de trabalho. A cada 50 companheiros \u00e9 eleito um delegado. Ser\u00e3o indicados aqueles que, dentre os candidatos, obtiverem a maioria dos votos v\u00e1lidos. A elei\u00e7\u00e3o ser\u00e1 organizada pelo SINDSER em um calend\u00e1rio a ser previamente divulgado. Todo sindicalizado pode se candidatar e todos devem ajudar para o sucesso da elei\u00e7\u00e3o.<\/p>\n<h1>Que direitos tem o delegado sindical?<\/h1>\n<p>A um ano de mandato. Que s\u00f3 poder\u00e1 ser revogado por decis\u00e3o da maioria da base que o elegeu. O Sindicato procurar\u00e1 garantir, em acordo, a estabilidade desses companheiros. O delegado tamb\u00e9m poder\u00e1, sempre que achar necess\u00e1rio, produzir boletins espec\u00edficos, bem como colocar not\u00edcias sobre sua base no jornal do sindicato.<\/p>\n<p>Bom, companheiros, agora \u00e9 trabalhar pelo sucesso dos delegados sindicais. Precisamos de muitos deles. A\u00ed ent\u00e3o o nosso movimento, dirigido pelo SINDSER, poder\u00e1 lutar com mais for\u00e7a nestes tempos t\u00e3o dif\u00edceis que vivemos.<\/p>\n","protected":false},"excerpt":{"rendered":"<p>Para que um sindicato seja realmente forte, atuante e independente, \u00e9 preciso contar com uma base organizada. Foi pensando nisso que a diretoria do Sindser, j\u00e1 em 1997, se comprometeu com a elei\u00e7\u00e3o e a prepara\u00e7\u00e3o de delegados sindicais. Juntamente com a realiza\u00e7\u00e3o dos nossos Cursos de Forma\u00e7\u00e3o, iniciados em 1998, demos um importante passo<\/p>\n","protected":false},"author":1,"featured_media":0,"parent":0,"menu_order":0,"comment_status":"open","ping_status":"open","template":"","meta":{"footnotes":""},"class_list":["post-1877","page","type-page","status-publish"],"_links":{"self":[{"href":"https:\/\/www.sindser.org.br\/s\/wp-json\/wp\/v2\/pages\/1877","targetHints":{"allow":["GET"]}}],"collection":[{"href":"https:\/\/www.sindser.org.br\/s\/wp-json\/wp\/v2\/pages"}],"about":[{"href":"https:\/\/www.sindser.org.br\/s\/wp-json\/wp\/v2\/types\/page"}],"author":[{"embeddable":true,"href":"https:\/\/www.sindser.org.br\/s\/wp-json\/wp\/v2\/users\/1"}],"replies":[{"embeddable":true,"href":"https:\/\/www.sindser.org.br\/s\/wp-json\/wp\/v2\/comments?post=1877"}],"version-history":[{"count":9,"href":"https:\/\/www.sindser.org.br\/s\/wp-json\/wp\/v2\/pages\/1877\/revisions"}],"predecessor-version":[{"id":25084,"href":"https:\/\/www.sindser.org.br\/s\/wp-json\/wp\/v2\/pages\/1877\/revisions\/25084"}],"wp:attachment":[{"href":"https:\/\/www.sindser.org.br\/s\/wp-json\/wp\/v2\/media?parent=1877"}],"curies":[{"name":"wp","href":"https:\/\/api.w.org\/{rel}","templated":true}]}}