{"id":94,"date":"2013-08-29T21:01:33","date_gmt":"2013-08-29T21:01:33","guid":{"rendered":"http:\/\/sindser.org.br\/s\/?page_id=94"},"modified":"2013-08-29T21:05:47","modified_gmt":"2013-08-29T21:05:47","slug":"assedio-moral","status":"publish","type":"page","link":"https:\/\/www.sindser.org.br\/s\/assedio-moral\/","title":{"rendered":"Ass\u00e9dio Moral"},"content":{"rendered":"<h4 style=\"text-align: center;\">MINIST\u00c9RIO P\u00daBLICO DO TRABALHO<br \/>\nMPT Procuradoria Regional do Trabalho da 10\u00aa Regi\u00e3o- DF e Tocantins<\/h4>\n<p>&nbsp;<\/p>\n<h4><span style=\"color: #ff0000;\"><strong>ASS\u00c9DIO MORAL &#8211; Sin\u00f4nimo de Humilha\u00e7\u00e3o &#8211; ASS\u00c9DIO MORAL &#8211; O que \u00e9?<\/strong><\/span><\/h4>\n<p>\u00c9 toda a\u00e7\u00e3o repetitiva ou sistematizada, que objetiva afetar a dignidade da pessoa, criar ambiente humilhante, degradante, desestabilizador e hostil.<\/p>\n<p>&nbsp;<\/p>\n<p><span style=\"color: #ff0000;\"><strong>Quem pratica<\/strong><\/span><\/p>\n<p>O empregador contra o empregado (ass\u00e9dio moral vertical), como forma de domina\u00e7\u00e3o, abusando da autoridade inerente \u00e0s suas fun\u00e7\u00f5es<\/p>\n<p>Entre colegas do mesmo n\u00edvel hier\u00e1rquico (ass\u00e9dio moral horizontal)<\/p>\n<p>Subordinado em rela\u00e7\u00e3o ao chefe<\/p>\n<p>&nbsp;<\/p>\n<p><span style=\"color: #ff0000;\"><strong>Principais v\u00edtimas<\/strong><\/span><\/p>\n<p>Mulheres em geral<\/p>\n<p>Pessoas com idade mais avan\u00e7ada<\/p>\n<p>Pessoas em situa\u00e7\u00e3o de estabilidade provis\u00f3ria \u2013 gestantes, membros de Comiss\u00e3o Interna de Preven\u00e7\u00e3o de Acidentes (Cipa), dirigentes sindicais que recebem auxilio-doen\u00e7a do INSS<\/p>\n<p>Homossexuais<\/p>\n<p>Portadores de HIV ou doen\u00e7as graves<\/p>\n<p>Pessoas obesas ou com sobrepeso<\/p>\n<p>M \u00e3es solteiras<\/p>\n<p>Negros \u2013 ambos os sexos<\/p>\n<p>&nbsp;<\/p>\n<p><span style=\"color: #ff0000;\"><strong>Alguns exemplos<\/strong><\/span><\/p>\n<p>Gritar, xingar, apelidar, contar piadas para denegrir, ridicularizar e humilhar<\/p>\n<p>Ordenar realiza\u00e7\u00f5es de tarefas imposs\u00edveis ou incompat\u00edveis com a capacidade profissional<\/p>\n<p>Sonegar informa\u00e7\u00f5es indispens\u00e1veis ao desempenho das fun\u00e7\u00f5es<\/p>\n<p>Repetir criticas e coment\u00e1rios improcedentes ou que subestime os esfor\u00e7os do empregado<\/p>\n<p>Isolar a pessoa no corredor ou em sala apenas com uma cadeira, sem m\u00f3vel ou telefone<\/p>\n<p>&nbsp;<\/p>\n<p><span style=\"color: #ff0000;\"><strong>Algumas conseq\u00fc\u00eancias<\/strong><\/span><\/p>\n<p>Danos \u00e0 integridade ps\u00edquica, f\u00edsica e \u00e0 auto-estima do trabalhador<\/p>\n<p>Preju\u00edzo ao servi\u00e7o prestado e \u00e1 carreira do trabalhador atingido<\/p>\n<p>Os colegas de trabalho rompem os la\u00e7os efetivos com a vitima, seja por medo ou vergonha, seja por competitividade e individualismo;<\/p>\n<p>Pode surgir uma esp\u00e9cie de \u201cpacto\u201d de toler\u00e2ncia e de silencio coletivo<\/p>\n<p>Dificuldade de concentra\u00e7\u00e3o<\/p>\n<p>Desequil\u00edbrio emocional<\/p>\n<p>Homem e Mulher Sofrem<\/p>\n<p>Crises de choro freq\u00fcentes<\/p>\n<p>Dores generalizadas<\/p>\n<p>Palpita\u00e7\u00f5es e tremores<\/p>\n<p>Sentimento de inutilidade<\/p>\n<p>Ins\u00f4nia ou sonol\u00eancia excessiva<\/p>\n<p>Depress\u00e3o<\/p>\n<p>Diminui\u00e7\u00e3o da libido<\/p>\n<p>Sentimento de vingan\u00e7a<\/p>\n<p>Hipertens\u00e3o<\/p>\n<p>Dor de cabe\u00e7a<\/p>\n<p>Dist\u00farbios digestivos<\/p>\n<p>Tonturas e falta de ar<\/p>\n<p>Tend\u00eancias suicida e tentativa de suic\u00eddio<\/p>\n<p>Falta de apetite ou ganho de peso<\/p>\n<p>Alcoolismo e\/ou uso de outras drogas<\/p>\n<p>Outros dist\u00farbios mentais<\/p>\n<p>&nbsp;<\/p>\n<p><span style=\"color: #ff0000;\"><strong>Ass\u00e9dio Moral \u00e9 crime?<\/strong><\/span><\/p>\n<p>N\u00e3o. Mas aplica-se o texto dos artigos 5\u00ba e 7\u00ba (inciso XXX) da Constitui\u00e7\u00e3o, que protegem o direito \u00e0 intimidade, dignidade, igualdade, honra e vida privada: e do artigo 483, da CLT<\/p>\n<p>Quem humilha ou xinga empregado pratica crime de calunia e difama\u00e7\u00e3o<\/p>\n<p>H\u00e1 risco de indenizar o prejudicado por dano material, moral ou \u00e0 imagem<\/p>\n<p>&nbsp;<\/p>\n<p><span style=\"color: #ff0000;\"><strong>Motivo da Agress\u00e3o<\/strong><\/span><\/p>\n<p>Desejo sexual n\u00e3o correspondido<\/p>\n<p>Competi\u00e7\u00e3o exagerada e necessidade de aumentar a produtividade<\/p>\n<p>Definir metas dif\u00edceis de se alcan\u00e7ar<\/p>\n<p>Tentativa de for\u00e7ar pedido de demiss\u00e3o<\/p>\n<p>Necessidade de auto-confirma\u00e7ao do chefe<\/p>\n<p>Demonstra\u00e7\u00e3o de autoridade<\/p>\n<p>Chefe que se sente profissionalmente amea\u00e7ado por subordinado mais capacitado<\/p>\n<p>&nbsp;<\/p>\n<p><span style=\"color: #ff0000;\"><strong>Perfis do agressor<\/strong><\/span><\/p>\n<p>H\u00e1bil em humilhar sem perder a pose<\/p>\n<p>Agressivo e perverso com as palavras<\/p>\n<p>Sempre acha que tem raz\u00e3o<\/p>\n<p>A viol\u00eancia \u00e9 consciente e estrat\u00e9gica<\/p>\n<p>Inseguro, complexado e intolerante<\/p>\n<p>Tipo carrasco, bajula os superiores e adora castigar os subordinados<\/p>\n<p>Falso \u201cbonzinho\u201d, que ganha confian\u00e7a do subordinado para depois rebaixa-lo, demiti-lo ou exigir produtividade<\/p>\n<p>Incapaz de lidar e de se relacionar com subordinados<\/p>\n<p>O incompetente, que usa de grosserias para se fazer respeitar, gosta de contar vantagem e colhe sozinho o louro de projetos bem-sucedido<\/p>\n<p>&nbsp;<\/p>\n<p><span style=\"color: #ff0000;\"><strong>Provas da Agress\u00e3o<\/strong><\/span><\/p>\n<p>Testemunhas<\/p>\n<p>Gravar as agress\u00f5es e xingamentos<\/p>\n<p>Usar filme de circuitos internos de TV<\/p>\n<p>Documnetos-advertencias por escrito, excesso comprovado de carga hor\u00e1ria<\/p>\n<p>&nbsp;<\/p>\n<p><span style=\"color: #ff0000;\"><strong>Estrat\u00e9gias de defesa<\/strong><\/span><\/p>\n<p>Anotar detalhes das humilha\u00e7\u00f5es (dia, m\u00eas, ano, local, nome do agressor e testemunha)<\/p>\n<p>Pedir ajuda no trabalho e fora da empresa<\/p>\n<p>Recorrer a centros de referencias em sa\u00fade do trabalhador<\/p>\n<p>Buscar apoio da fam\u00edlia e dos amigos<\/p>\n<p>&nbsp;<\/p>\n<p><span style=\"color: #ff0000;\"><strong>ONDE DENUNCIAR<\/strong><\/span><\/p>\n<p>Minist\u00e9rio P\u00fablico do Trabalho- MPT<\/p>\n<p>Bras\u00edlia (DF)<\/p>\n<p>Endere\u00e7o: SEPN 513 Edif\u00edcio Imperador, bloco D, n\u00ba 30, 4\u00ba andar<\/p>\n<p>Cep: 70769-900 \u2013 Bras\u00edlia &#8211; DF<\/p>\n<p>Telefones: (61) 3340-7989<\/p>\n<p>E-mail: codin@prt10.mpt.gov.br<\/p>\n<p>&nbsp;<\/p>\n<p>Procure o seu Sindicato.<\/p>\n","protected":false},"excerpt":{"rendered":"<p>MINIST\u00c9RIO P\u00daBLICO DO TRABALHO MPT Procuradoria Regional do Trabalho da 10\u00aa Regi\u00e3o- DF e Tocantins &nbsp; ASS\u00c9DIO MORAL &#8211; Sin\u00f4nimo de Humilha\u00e7\u00e3o &#8211; ASS\u00c9DIO MORAL &#8211; O que \u00e9? \u00c9 toda a\u00e7\u00e3o repetitiva ou sistematizada, que objetiva afetar a dignidade da pessoa, criar ambiente humilhante, degradante, desestabilizador e hostil. &nbsp; Quem pratica O empregador contra<\/p>\n","protected":false},"author":1,"featured_media":0,"parent":0,"menu_order":0,"comment_status":"open","ping_status":"open","template":"","meta":{"footnotes":""},"class_list":["post-94","page","type-page","status-publish"],"_links":{"self":[{"href":"https:\/\/www.sindser.org.br\/s\/wp-json\/wp\/v2\/pages\/94","targetHints":{"allow":["GET"]}}],"collection":[{"href":"https:\/\/www.sindser.org.br\/s\/wp-json\/wp\/v2\/pages"}],"about":[{"href":"https:\/\/www.sindser.org.br\/s\/wp-json\/wp\/v2\/types\/page"}],"author":[{"embeddable":true,"href":"https:\/\/www.sindser.org.br\/s\/wp-json\/wp\/v2\/users\/1"}],"replies":[{"embeddable":true,"href":"https:\/\/www.sindser.org.br\/s\/wp-json\/wp\/v2\/comments?post=94"}],"version-history":[{"count":8,"href":"https:\/\/www.sindser.org.br\/s\/wp-json\/wp\/v2\/pages\/94\/revisions"}],"predecessor-version":[{"id":12777,"href":"https:\/\/www.sindser.org.br\/s\/wp-json\/wp\/v2\/pages\/94\/revisions\/12777"}],"wp:attachment":[{"href":"https:\/\/www.sindser.org.br\/s\/wp-json\/wp\/v2\/media?parent=94"}],"curies":[{"name":"wp","href":"https:\/\/api.w.org\/{rel}","templated":true}]}}